{"id":5262,"date":"2022-09-26T11:58:06","date_gmt":"2022-09-26T04:58:06","guid":{"rendered":"https:\/\/www.cofethai.com\/product\/%e0%b9%82%e0%b8%84%e0%b8%9f%e0%b8%b5%e0%b9%88-%e0%b8%81%e0%b8%b2%e0%b9%81%e0%b8%9f%e0%b9%81%e0%b8%84%e0%b8%9b%e0%b8%8b%e0%b8%b9%e0%b8%a5%e0%b9%82%e0%b8%ad%e0%b8%a2%e0%b8%b1%e0%b9%8a%e0%b8%a7%e0%b8%b0\/"},"modified":"2023-12-18T15:56:45","modified_gmt":"2023-12-18T08:56:45","slug":"%e0%b9%82%e0%b8%84%e0%b8%9f%e0%b8%b5%e0%b9%88-%e0%b8%81%e0%b8%b2%e0%b9%81%e0%b8%9f%e0%b9%81%e0%b8%84%e0%b8%9b%e0%b8%8b%e0%b8%b9%e0%b8%a5%e0%b9%82%e0%b8%ad%e0%b8%a2%e0%b8%b1%e0%b9%8a%e0%b8%a7%e0%b8%b0","status":"publish","type":"product","link":"https:\/\/www.cofethai.com\/th\/product\/%e0%b9%82%e0%b8%84%e0%b8%9f%e0%b8%b5%e0%b9%88-%e0%b8%81%e0%b8%b2%e0%b9%81%e0%b8%9f%e0%b9%81%e0%b8%84%e0%b8%9b%e0%b8%8b%e0%b8%b9%e0%b8%a5%e0%b9%82%e0%b8%ad%e0%b8%a2%e0%b8%b1%e0%b9%8a%e0%b8%a7%e0%b8%b0\/","title":{"rendered":"\u0e42\u0e04\u0e1f\u0e35\u0e48 \u0e01\u0e32\u0e41\u0e1f\u0e41\u0e04\u0e1b\u0e0b\u0e39\u0e25\u0e42\u0e2d\u0e22\u0e31\u0e4a\u0e27\u0e30"},"content":{"rendered":"<p>\ud83d\udc4b\ud83c\udffb \u0e43\u0e2b\u0e21\u0e48! \u0e1e\u0e1a\u0e01\u0e31\u0e1a\u0e2d\u0e35\u0e01\u0e2b\u0e19\u0e36\u0e48\u0e07\u0e04\u0e27\u0e32\u0e21\u0e2d\u0e23\u0e48\u0e2d\u0e22\u0e17\u0e35\u0e48\u0e44\u0e21\u0e48\u0e42\u0e1a\u0e23\u0e32\u0e13 &#8220;\u0e42\u0e04\u0e1f\u0e35\u0e48 \u0e42\u0e2d\u0e22\u0e31\u0e4a\u0e27\u0e30&#8221; \u0e43\u0e19\u0e23\u0e39\u0e1b\u0e41\u0e1a\u0e1a\u0e41\u0e04\u0e1b\u0e0b\u0e39\u0e25 \u0e2a\u0e30\u0e14\u0e27\u0e01 \u0e2d\u0e23\u0e48\u0e2d\u0e22\u0e44\u0e14\u0e49\u0e17\u0e38\u0e01\u0e40\u0e27\u0e25\u0e32<\/p>\n<p>\u2615\ufe0f \u0e42\u0e04\u0e1f\u0e35\u0e48\u0e01\u0e32\u0e41\u0e1f\u0e41\u0e04\u0e1b\u0e0b\u0e39\u0e25\u0e42\u0e2d\u0e22\u0e31\u0e4a\u0e27\u0e30 (1 \u0e01\u0e25\u0e48\u0e2d\u0e07 \/ 12 \u0e41\u0e04\u0e1b\u0e0b\u0e39\u0e25) &#8211; \u0e23\u0e32\u0e04\u0e32\u0e01\u0e25\u0e48\u0e2d\u0e07 240 \u0e1a\u0e32\u0e17<\/p>\n<p>\ud83d\udea9\u0e42\u0e04\u0e1f\u0e35\u0e48\u0e42\u0e2d\u0e22\u0e31\u0e4a\u0e27\u0e30\u0e41\u0e04\u0e1b\u0e0b\u0e39\u0e25\u0e43\u0e0a\u0e49\u0e01\u0e31\u0e1a\u0e40\u0e04\u0e23\u0e37\u0e48\u0e2d\u0e07 Dolce Gusto*<\/p>\n<p>\u0e42\u0e04\u0e1f\u0e35\u0e48 40 \u0e1b\u0e35 \ud83c\udfc6 \u0e15\u0e33\u0e19\u0e32\u0e19\u0e40\u0e04\u0e23\u0e37\u0e48\u0e2d\u0e07\u0e14\u0e37\u0e48\u0e21\u0e04\u0e38\u0e13\u0e20\u0e32\u0e1e \u0e17\u0e35\u0e48\u0e21\u0e2d\u0e1a\u0e04\u0e27\u0e32\u0e21\u0e2b\u0e2d\u0e21 \u0e2d\u0e23\u0e48\u0e2d\u0e22\u0e43\u0e19\u0e1a\u0e17\u0e1a\u0e32\u0e17\u0e02\u0e2d\u0e07\u0e01\u0e32\u0e41\u0e1f\u0e42\u0e2d\u0e40\u0e25\u0e35\u0e49\u0e22\u0e07\u0e02\u0e27\u0e31\u0e0d\u0e43\u0e08\u0e04\u0e19\u0e44\u0e17\u0e22 \ud83e\udd0e<\/p>\n<p>\u0e41\u0e25\u0e30\u0e2d\u0e35\u0e01\u0e2b\u0e19\u0e36\u0e48\u0e07\u0e23\u0e2a\u0e0a\u0e32\u0e15\u0e34\u0e43\u0e2b\u0e21\u0e48\u0e02\u0e2d\u0e07\u0e04\u0e27\u0e32\u0e21\u0e14\u0e31\u0e48\u0e07\u0e40\u0e14\u0e34\u0e21\u0e01\u0e31\u0e1a \u201c\u0e42\u0e2d\u0e22\u0e31\u0e4a\u0e27\u0e30\u201d \u0e01\u0e32\u0e41\u0e1f\u0e14\u0e33\u0e23\u0e49\u0e2d\u0e19\u0e01\u0e31\u0e1a\u0e04\u0e27\u0e32\u0e21\u0e2d\u0e23\u0e48\u0e2d\u0e22 \u0e41\u0e25\u0e30\u0e04\u0e27\u0e32\u0e21\u0e23\u0e48\u0e27\u0e21\u0e2a\u0e21\u0e31\u0e22\u0e17\u0e35\u0e48\u0e40\u0e02\u0e49\u0e32\u0e01\u0e31\u0e19\u0e01\u0e31\u0e1a\u0e19\u0e34\u0e22\u0e32\u0e21\u0e04\u0e33\u0e27\u0e48\u0e32 \u201c\u0e04\u0e27\u0e32\u0e21\u0e2d\u0e23\u0e48\u0e2d\u0e22\u0e17\u0e35\u0e48\u0e44\u0e21\u0e48\u0e42\u0e1a\u0e23\u0e32\u0e13\u201d \u0e23\u0e2a\u0e0a\u0e32\u0e15\u0e34\u0e02\u0e2d\u0e07\u0e01\u0e32\u0e41\u0e1f\u0e42\u0e1a\u0e23\u0e32\u0e13\u0e17\u0e35\u0e48\u0e2b\u0e25\u0e32\u0e22\u0e04\u0e19\u0e17\u0e35\u0e48\u0e44\u0e14\u0e49\u0e40\u0e04\u0e22\u0e25\u0e34\u0e49\u0e21\u0e25\u0e2d\u0e07 \u0e41\u0e25\u0e30\u0e19\u0e33\u0e1e\u0e32\u0e40\u0e23\u0e37\u0e48\u0e2d\u0e07\u0e23\u0e32\u0e27\u0e02\u0e2d\u0e07\u0e2a\u0e44\u0e15\u0e25\u0e4c\u0e01\u0e32\u0e23\u0e14\u0e37\u0e48\u0e21\u0e01\u0e32\u0e41\u0e1f\u0e21\u0e32\u0e16\u0e36\u0e07\u0e1b\u0e31\u0e08\u0e08\u0e38\u0e1a\u0e31\u0e19<\/p>\n<p>\ud83d\udcdc Dolce Gusto* Compatible COFE O-YUA: \u0e1c\u0e25\u0e34\u0e15\u0e08\u0e32\u0e01\u0e40\u0e21\u0e25\u0e47\u0e14\u0e01\u0e32\u0e41\u0e1f\u0e04\u0e31\u0e48\u0e27\u0e1a\u0e14 \u0e42\u0e23\u0e1a\u0e31\u0e2a\u0e15\u0e49\u0e32\u0e41\u0e17\u0e49 100% \u0e04\u0e31\u0e48\u0e27\u0e1e\u0e34\u0e40\u0e28\u0e29\u0e1c\u0e48\u0e32\u0e19\u0e01\u0e23\u0e23\u0e21\u0e27\u0e34\u0e18\u0e35\u0e01\u0e32\u0e23\u0e04\u0e31\u0e48\u0e27\u0e41\u0e1a\u0e1a\u0e01\u0e32\u0e41\u0e1f\u0e42\u0e1a\u0e23\u0e32\u0e13\u0e41\u0e17\u0e49\u0e41\u0e1a\u0e1a\u0e44\u0e17\u0e22\u0e46 \u0e1e\u0e34\u0e16\u0e35\u0e1e\u0e34\u0e16\u0e31\u0e19\u0e23\u0e2a\u0e0a\u0e32\u0e15\u0e34\u0e15\u0e49\u0e19\u0e15\u0e33\u0e2b\u0e23\u0e31\u0e1a\u0e01\u0e32\u0e41\u0e1f\u0e42\u0e2d\u0e22\u0e31\u0e4a\u0e27\u0e30<\/p>\n<p>\u2668 \u0e02\u0e31\u0e49\u0e19\u0e15\u0e2d\u0e19\u0e01\u0e32\u0e23\u0e17\u0e33\u0e07\u0e48\u0e32\u0e22\u0e46 \u2668<\/p>\n<p>\u2022 Step 1 &#8211; \u0e2b\u0e22\u0e34\u0e1a\u0e41\u0e04\u0e1b\u0e0b\u0e39\u0e25\u0e01\u0e32\u0e41\u0e1f\u0e42\u0e2d\u0e22\u0e31\u0e4a\u0e27\u0e30\u0e43\u0e2a\u0e48\u0e40\u0e02\u0e49\u0e32\u0e01\u0e31\u0e1a\u0e40\u0e04\u0e23\u0e37\u0e48\u0e2d\u0e07\u0e17\u0e33\u0e01\u0e32\u0e41\u0e1f\u0e41\u0e04\u0e1b\u0e0b\u0e39\u0e25<\/p>\n<p>\u2022 Step 2 &#8211; \u0e40\u0e25\u0e37\u0e2d\u0e01\u0e23\u0e30\u0e14\u0e31\u0e1a\u0e01\u0e32\u0e23\u0e14\u0e37\u0e48\u0e21\u0e17\u0e35\u0e48\u0e04\u0e38\u0e13\u0e0a\u0e2d\u0e1a \u0e41\u0e25\u0e30\u0e41\u0e19\u0e30\u0e19\u0e33\u0e23\u0e30\u0e14\u0e31\u0e1a\u0e01\u0e32\u0e41\u0e1f: O-YUA Espresso 2 \u0e02\u0e35\u0e14(40 ml), O-YUA Lungo 4 \u0e02\u0e35\u0e14(110 ml)<\/p>\n<p>\u2022 Step 3 &#8211; \u0e14\u0e37\u0e48\u0e21\u0e07\u0e48\u0e32\u0e22\u0e46\u0e44\u0e14\u0e49\u0e40\u0e25\u0e22\u0e01\u0e31\u0e1a\u0e02\u0e19\u0e21 \u0e2b\u0e23\u0e37\u0e2d\u0e2d\u0e32\u0e2b\u0e32\u0e23\u0e17\u0e35\u0e48\u0e04\u0e38\u0e13\u0e0a\u0e2d\u0e1a<\/p>\n<p>\u2764\ufe0f \u0e42\u0e2d\u0e22\u0e31\u0e4a\u0e27\u0e30\u0e42\u0e04\u0e1f\u0e35\u0e48 &#8211; \u0e23\u0e32\u0e04\u0e32 240 \u0e1a\u0e32\u0e17 \u0e02\u0e19\u0e32\u0e14\u0e1a\u0e23\u0e23\u0e08\u0e38: \u0e08\u0e33\u0e19\u0e27\u0e19 12 x \u0e41\u0e04\u0e1b\u0e0b\u0e39\u0e25 &#8211; \u0e0a\u0e07\u0e44\u0e14\u0e49\u0e17\u0e31\u0e49\u0e07\u0e2b\u0e21\u0e14 12 \u0e41\u0e01\u0e49\u0e27 \ud83d\udd34 \u0e02\u0e19\u0e32\u0e14\u0e1a\u0e23\u0e23\u0e08\u0e38: \u0e08\u0e33\u0e19\u0e27\u0e19 12 x Dolce Gusto Compatible \u0e41\u0e04\u0e1b\u0e0b\u0e39\u0e25 &#8211; \u0e0a\u0e07\u0e44\u0e14\u0e49\u0e17\u0e31\u0e49\u0e07\u0e2b\u0e21\u0e14 12 \u0e41\u0e01\u0e49\u0e27 \ud83d\udd34 \u0e23\u0e30\u0e14\u0e31\u0e1a\u0e01\u0e32\u0e23\u0e04\u0e31\u0e48\u0e27: \u0e04\u0e31\u0e48\u0e27\u0e40\u0e02\u0e49\u0e21 \ud83d\udd34 \u0e41\u0e19\u0e30\u0e19\u0e33\u0e02\u0e19\u0e32\u0e14\u0e16\u0e49\u0e27\u0e22\u0e01\u0e32\u0e41\u0e1f: O-YUA Espresso (40 ml), O-YUA Lungo (110 ml) \ud83d\udd75\ud83c\udffb\u200d\u2640\ufe0f Dolce Gusto Compatible COFE O-YUA \u0e43\u0e0a\u0e49\u0e44\u0e14\u0e49\u0e23\u0e48\u0e27\u0e21\u0e01\u0e31\u0e1a \u0e40\u0e04\u0e23\u0e37\u0e48\u0e2d\u0e07 Nescaf\u00e9\u00ae Dolce Gusto\u00ae \u0e40\u0e17\u0e48\u0e32\u0e19\u0e31\u0e49\u0e19*<\/p>\n<p>\ud83d\udccd\u0e2b\u0e21\u0e32\u0e22\u0e40\u0e2b\u0e15\u0e38: Nescaf\u00e9\u00ae Dolce Gusto\u00ae is a registered trademark of Soci\u00e9t\u00e9 des Produits Nestl\u00e9 S.A. The products and services displayed are not associated, affiliated, endorsed, or sponsored by Nescaf\u00e9\u00ae Dolce Gusto\u00ae, nor have they been reviewed tested or certified by Nescaf\u00e9\u00ae Dolce Gusto\u00ae. Nescaf\u00e9\u00ae Dolce Gusto\u00ae Trademark belongs to a third party and is no way associated with COFE brand nor COFE Company Ltd. #\u0e40\u0e23\u0e34\u0e48\u0e21\u0e15\u0e49\u0e19\u0e27\u0e31\u0e19\u0e14\u0e35\u0e46\u0e14\u0e49\u0e27\u0e22\u0e42\u0e04\u0e1f\u0e35\u0e48\u0e41\u0e25\u0e30\u0e04\u0e38\u0e13 #\u0e42\u0e04\u0e1f\u0e35\u0e48\u0e44\u0e17\u0e22 #40\u0e1b\u0e35\u0e42\u0e04\u0e1f\u0e35\u0e48 #\u0e42\u0e2d\u0e22\u0e4a\u0e27\u0e30<\/p>\n<p>&nbsp;<\/p>\n","protected":false},"excerpt":{"rendered":"<p>\u2615\ufe0f \u0e42\u0e04\u0e1f\u0e35\u0e48\u0e01\u0e32\u0e41\u0e1f\u0e41\u0e04\u0e1b\u0e0b\u0e39\u0e25\u0e42\u0e2d\u0e22\u0e31\u0e4a\u0e27\u0e30 (1 \u0e01\u0e25\u0e48\u0e2d\u0e07 \/ 12 \u0e41\u0e04\u0e1b\u0e0b\u0e39\u0e25) \u2013 \u0e23\u0e32\u0e04\u0e32\u0e01\u0e25\u0e48\u0e2d\u0e07 240 \u0e1a\u0e32\u0e17<\/p>\n<p>\ud83d\udcdc Dolce Gusto* Compatible COFE O-YUA: \u0e1c\u0e25\u0e34\u0e15\u0e08\u0e32\u0e01\u0e40\u0e21\u0e25\u0e47\u0e14\u0e01\u0e32\u0e41\u0e1f\u0e04\u0e31\u0e48\u0e27\u0e1a\u0e14 \u0e42\u0e23\u0e1a\u0e31\u0e2a\u0e15\u0e49\u0e32\u0e41\u0e17\u0e49 100% \u0e04\u0e31\u0e48\u0e27\u0e1e\u0e34\u0e40\u0e28\u0e29\u0e1c\u0e48\u0e32\u0e19\u0e01\u0e23\u0e23\u0e21\u0e27\u0e34\u0e18\u0e35\u0e01\u0e32\u0e23\u0e04\u0e31\u0e48\u0e27\u0e41\u0e1a\u0e1a\u0e01\u0e32\u0e41\u0e1f\u0e42\u0e1a\u0e23\u0e32\u0e13\u0e41\u0e17\u0e49\u0e41\u0e1a\u0e1a\u0e44\u0e17\u0e22\u0e46 \u0e1e\u0e34\u0e16\u0e35\u0e1e\u0e34\u0e16\u0e31\u0e19\u0e23\u0e2a\u0e0a\u0e32\u0e15\u0e34\u0e15\u0e49\u0e19\u0e15\u0e33\u0e2b\u0e23\u0e31\u0e1a\u0e01\u0e32\u0e41\u0e1f\u0e42\u0e2d\u0e22\u0e31\u0e4a\u0e27\u0e30<\/p>\n","protected":false},"featured_media":5447,"template":"","meta":[],"product_brand":[],"product_cat":[161,126],"product_tag":[],"class_list":{"0":"post-5262","1":"product","2":"type-product","3":"status-publish","4":"has-post-thumbnail","6":"product_cat-promotion-th","7":"product_cat-126","8":"product_shipping_class-shipping-cofe-nectar-small","10":"first","11":"outofstock","12":"shipping-taxable","13":"purchasable","14":"product-type-simple"},"aioseo_notices":[],"_links":{"self":[{"href":"https:\/\/www.cofethai.com\/th\/wp-json\/wp\/v2\/product\/5262"}],"collection":[{"href":"https:\/\/www.cofethai.com\/th\/wp-json\/wp\/v2\/product"}],"about":[{"href":"https:\/\/www.cofethai.com\/th\/wp-json\/wp\/v2\/types\/product"}],"wp:featuredmedia":[{"embeddable":true,"href":"https:\/\/www.cofethai.com\/th\/wp-json\/wp\/v2\/media\/5447"}],"wp:attachment":[{"href":"https:\/\/www.cofethai.com\/th\/wp-json\/wp\/v2\/media?parent=5262"}],"wp:term":[{"taxonomy":"product_brand","embeddable":true,"href":"https:\/\/www.cofethai.com\/th\/wp-json\/wp\/v2\/product_brand?post=5262"},{"taxonomy":"product_cat","embeddable":true,"href":"https:\/\/www.cofethai.com\/th\/wp-json\/wp\/v2\/product_cat?post=5262"},{"taxonomy":"product_tag","embeddable":true,"href":"https:\/\/www.cofethai.com\/th\/wp-json\/wp\/v2\/product_tag?post=5262"}],"curies":[{"name":"wp","href":"https:\/\/api.w.org\/{rel}","templated":true}]}}